{"id":7177,"date":"2025-10-08T11:05:27","date_gmt":"2025-10-08T02:05:27","guid":{"rendered":"https:\/\/zerointernational.co.jp\/?page_id=7177"},"modified":"2026-02-26T12:44:43","modified_gmt":"2026-02-26T03:44:43","slug":"lien-he-2","status":"publish","type":"page","link":"https:\/\/zerointernational.co.jp\/?page_id=7177&lang=vi","title":{"rendered":"Li\u00ean H\u1ec7"},"content":{"rendered":"\t\t<div data-elementor-type=\"wp-page\" data-elementor-id=\"7177\" class=\"elementor elementor-7177\">\n\t\t\t\t<div class=\"elementor-element elementor-element-4e68b11 e-flex e-con-boxed wpr-particle-no wpr-jarallax-no wpr-parallax-no wpr-sticky-section-no e-con e-parent\" data-id=\"4e68b11\" data-element_type=\"container\">\n\t\t\t\t\t<div class=\"e-con-inner\">\n\t\t\t\t<div class=\"elementor-element elementor-element-2794379 elementor-widget elementor-widget-google_maps\" data-id=\"2794379\" data-element_type=\"widget\" data-widget_type=\"google_maps.default\">\n\t\t\t\t\t\t\t<div class=\"elementor-custom-embed\">\n\t\t\t<iframe loading=\"lazy\"\n\t\t\t\t\tsrc=\"https:\/\/maps.google.com\/maps?q=%E5%85%B5%E5%BA%AB%E7%9C%8C%E5%B0%BC%E5%B4%8E%E5%B8%82%E8%A5%BF%E9%9B%A3%E6%B3%A24-6-26&#038;t=m&#038;z=13&#038;output=embed&#038;iwloc=near\"\n\t\t\t\t\ttitle=\"\u5175\u5eab\u770c\u5c3c\u5d0e\u5e02\u897f\u96e3\u6ce24-6-26\"\n\t\t\t\t\taria-label=\"\u5175\u5eab\u770c\u5c3c\u5d0e\u5e02\u897f\u96e3\u6ce24-6-26\"\n\t\t\t><\/iframe>\n\t\t<\/div>\n\t\t\t\t\t\t<\/div>\n\t\t\t\t\t<\/div>\n\t\t\t\t<\/div>\n\t\t<div class=\"elementor-element elementor-element-1aef0e8 e-flex e-con-boxed wpr-particle-no wpr-jarallax-no wpr-parallax-no wpr-sticky-section-no e-con e-parent\" data-id=\"1aef0e8\" data-element_type=\"container\">\n\t\t\t\t\t<div class=\"e-con-inner\">\n\t\t<div class=\"elementor-element elementor-element-6f429b9b e-flex e-con-boxed wpr-particle-no wpr-jarallax-no wpr-parallax-no wpr-sticky-section-no elementor-invisible e-con e-child\" data-id=\"6f429b9b\" data-element_type=\"container\" data-settings=\"{&quot;background_background&quot;:&quot;classic&quot;,&quot;animation&quot;:&quot;slideInLeft&quot;}\">\n\t\t\t\t\t<div class=\"e-con-inner\">\n\t\t\t\t<div class=\"elementor-element elementor-element-70d9ea37 elementor-widget elementor-widget-heading\" data-id=\"70d9ea37\" data-element_type=\"widget\" data-widget_type=\"heading.default\">\n\t\t\t\t\t<h2 class=\"elementor-heading-title elementor-size-default\">FORM LI\u00caN H\u1ec6<\/h2>\t\t\t\t<\/div>\n\t\t\t\t<div class=\"elementor-element elementor-element-4e9be7b gwel-underline-links-no elementor-widget elementor-widget-text-editor\" data-id=\"4e9be7b\" data-element_type=\"widget\" data-settings=\"{&quot;link_text_add_underline&quot;:&quot;no&quot;}\" data-widget_type=\"text-editor.default\">\n\t\t\t\t\t\t\t\t\t<div class=\"header-title__title text-center\">\u0110\u1ec3 li\u00ean h\u1ec7 v\u1edbi ch\u00fang t\u00f4i, vui l\u00f2ng nh\u1eadp c\u00e1c th\u00f4ng tin b\u00ean d\u01b0\u1edbi v\u00e0 nh\u1ea5n\u300c\u9001\u4fe1\u300d\u0111\u1ec3 g\u1eedi.<\/div>\t\t\t\t\t\t\t\t<\/div>\n\t\t<div class=\"elementor-element elementor-element-a059648 e-con-full e-flex wpr-particle-no wpr-jarallax-no wpr-parallax-no wpr-sticky-section-no e-con e-child\" data-id=\"a059648\" data-element_type=\"container\" data-settings=\"{&quot;background_background&quot;:&quot;gradient&quot;}\">\n\t\t\t\t<div class=\"elementor-element elementor-element-a6dd662 elementor-widget__width-initial fluentform-widget-submit-button-custom elementor-widget elementor-widget-fluent-form-widget\" data-id=\"a6dd662\" data-element_type=\"widget\" data-widget_type=\"fluent-form-widget.default\">\n\t\t\t\t<div class=\"elementor-widget-container\">\n\t\t\t\t\t\n            <div class=\"fluentform-widget-wrapper fluentform-widget-align-default\">\n\n                            <div class=\"fluentform-widget-heading\">\n                                                        <\/div>\n            \n            <div class='fluentform ff-default fluentform_wrapper_1 ffs_default_wrap'><form data-form_id=\"1\" id=\"fluentform_1\" class=\"frm-fluent-form fluent_form_1 ff-el-form-top ff_form_instance_1_1 ff-form-loading ffs_default\" data-form_instance=\"ff_form_instance_1_1\" method=\"POST\" ><fieldset  style=\"border: none!important;margin: 0!important;padding: 0!important;background-color: transparent!important;box-shadow: none!important;outline: none!important; min-inline-size: 100%;\">\n                    <legend class=\"ff_screen_reader_title\" style=\"display: block; margin: 0!important;padding: 0!important;height: 0!important;text-indent: -999999px;width: 0!important;overflow:hidden;\">Contact Form ZERO international<\/legend><input type='hidden' name='__fluent_form_embded_post_id' value='7177' \/><input type=\"hidden\" id=\"_fluentform_1_fluentformnonce\" name=\"_fluentform_1_fluentformnonce\" value=\"d8e9aefafb\" \/><input type=\"hidden\" name=\"_wp_http_referer\" value=\"\/index.php?rest_route=%2Fwp%2Fv2%2Fpages%2F7177\" \/><div data-type=\"name-element\" data-name=\"names\" class=\" ff-field_container ff-name-field-wrapper\" ><div class='ff-t-container'><div class='ff-t-cell '><div class='ff-el-group'><div class=\"ff-el-input--label ff-el-is-required asterisk-right\"><label for='ff_1_names_first_name_' >\u304a\u540d\u524d<\/label><\/div><div class='ff-el-input--content'><input type=\"text\" name=\"names[first_name]\" id=\"ff_1_names_first_name_\" class=\"ff-el-form-control\" placeholder=\"\u304a\u540d\u524d\u3092\u3054\u8a18\u5165\u304f\u3060\u3055\u3044\u3002\" aria-invalid=\"false\" aria-required=true><\/div><\/div><\/div><\/div><\/div><div class='ff-el-group'><div class=\"ff-el-input--label ff-el-is-required asterisk-right\"><label for='ff_1_email' aria-label=\"\u30e1\u30fc\u30eb\u30a2\u30c9\u30ec\u30b9\">\u30e1\u30fc\u30eb\u30a2\u30c9\u30ec\u30b9<\/label><\/div><div class='ff-el-input--content'><input type=\"email\" name=\"email\" id=\"ff_1_email\" class=\"ff-el-form-control\" placeholder=\"Email Address\" data-name=\"email\"  aria-invalid=\"false\" aria-required=true><\/div><\/div><div class='ff-el-group'><div class=\"ff-el-input--label ff-el-is-required asterisk-right\"><label for='ff_1_message' aria-label=\"\u30e1\u30c3\u30bb\u30fc\u30b8\">\u30e1\u30c3\u30bb\u30fc\u30b8<\/label><\/div><div class='ff-el-input--content'><textarea aria-invalid=\"false\" aria-required=true name=\"message\" id=\"ff_1_message\" class=\"ff-el-form-control\" placeholder=\"Your Message\" rows=\"4\" cols=\"2\" data-name=\"message\" ><\/textarea><\/div><\/div><div class='ff-el-group ff-text-center ff_submit_btn_wrapper'><button type=\"submit\" class=\"ff-btn ff-btn-submit ff-btn-md ff_btn_style\" >\u9001\u4fe1<\/button><\/div><\/fieldset><\/form><div id='fluentform_1_errors' class='ff-errors-in-stack ff_form_instance_1_1 ff-form-loading_errors ff_form_instance_1_1_errors'><\/div><\/div>            <script type=\"text\/javascript\">\n                window.fluent_form_ff_form_instance_1_1 = {\"id\":\"1\",\"settings\":{\"layout\":{\"labelPlacement\":\"top\",\"helpMessagePlacement\":\"with_label\",\"errorMessagePlacement\":\"inline\",\"cssClassName\":\"\",\"asteriskPlacement\":\"asterisk-right\"},\"restrictions\":{\"denyEmptySubmission\":{\"enabled\":false}}},\"form_instance\":\"ff_form_instance_1_1\",\"form_id_selector\":\"fluentform_1\",\"rules\":{\"names[first_name]\":{\"required\":{\"value\":true,\"message\":\"This field is required\",\"global\":false,\"global_message\":\"\\u3053\\u306e\\u9805\\u76ee\\u306f\\u5fc5\\u9808\\u3067\\u3059\"}},\"names[middle_name]\":{\"required\":{\"value\":false,\"message\":\"This field is required\",\"global\":false,\"global_message\":\"\\u3053\\u306e\\u9805\\u76ee\\u306f\\u5fc5\\u9808\\u3067\\u3059\"}},\"names[last_name]\":{\"required\":{\"value\":false,\"message\":\"This field is required\",\"global\":false,\"global_message\":\"\\u3053\\u306e\\u9805\\u76ee\\u306f\\u5fc5\\u9808\\u3067\\u3059\"}},\"email\":{\"required\":{\"value\":true,\"message\":\"This field is required\",\"global\":false,\"global_message\":\"\\u3053\\u306e\\u9805\\u76ee\\u306f\\u5fc5\\u9808\\u3067\\u3059\"},\"email\":{\"value\":true,\"message\":\"This field must contain a valid email\",\"global\":false,\"global_message\":\"\\u3053\\u306e\\u30d5\\u30a3\\u30fc\\u30eb\\u30c9\\u306f\\u3001\\u6709\\u52b9\\u306a\\u30e1\\u30fc\\u30eb\\u30a2\\u30c9\\u30ec\\u30b9\\u3067\\u306a\\u3051\\u308c\\u3070\\u306a\\u308a\\u307e\\u305b\\u3093\\u3002\"}},\"message\":{\"required\":{\"value\":true,\"message\":\"This field is required\",\"global\":false,\"global_message\":\"\\u3053\\u306e\\u9805\\u76ee\\u306f\\u5fc5\\u9808\\u3067\\u3059\"}}},\"debounce_time\":300};\n                            <\/script>\n                        <\/div>\n\n            \t\t\t\t<\/div>\n\t\t\t\t<\/div>\n\t\t\t\t<\/div>\n\t\t\t\t\t<\/div>\n\t\t\t\t<\/div>\n\t\t<div class=\"elementor-element elementor-element-5d7492dc e-flex e-con-boxed wpr-particle-no wpr-jarallax-no wpr-parallax-no wpr-sticky-section-no elementor-invisible e-con e-child\" data-id=\"5d7492dc\" data-element_type=\"container\" data-settings=\"{&quot;animation&quot;:&quot;slideInRight&quot;}\">\n\t\t\t\t\t<div class=\"e-con-inner\">\n\t\t\t\t<div class=\"elementor-element elementor-element-1cfafb98 elementor-view-stacked elementor-shape-square elementor-widget__width-initial elementor-widget-mobile__width-initial elementor-position-left elementor-mobile-position-top elementor-widget elementor-widget-icon-box\" data-id=\"1cfafb98\" data-element_type=\"widget\" data-widget_type=\"icon-box.default\">\n\t\t\t\t\t\t\t<div class=\"elementor-icon-box-wrapper\">\n\n\t\t\t\t\t\t<div class=\"elementor-icon-box-icon\">\n\t\t\t\t<span  class=\"elementor-icon\">\n\t\t\t\t<i aria-hidden=\"true\" class=\"fas fa-phone-alt\"><\/i>\t\t\t\t<\/span>\n\t\t\t<\/div>\n\t\t\t\n\t\t\t\t\t\t<div class=\"elementor-icon-box-content\">\n\n\t\t\t\t\t\t\t\t\t<h3 class=\"elementor-icon-box-title\">\n\t\t\t\t\t\t<span  >\n\t\t\t\t\t\t\tS\u1ed1 \u0111i\u1ec7n tho\u1ea1i\t\t\t\t\t\t<\/span>\n\t\t\t\t\t<\/h3>\n\t\t\t\t\n\t\t\t\t\t\t\t\t\t<p class=\"elementor-icon-box-description\">\n\t\t\t\t\t\t06-6482-6752\t\t\t\t\t<\/p>\n\t\t\t\t\n\t\t\t<\/div>\n\t\t\t\n\t\t<\/div>\n\t\t\t\t\t\t<\/div>\n\t\t\t\t<div class=\"elementor-element elementor-element-21426dfe elementor-view-stacked elementor-shape-square elementor-widget__width-initial elementor-widget-mobile__width-initial elementor-position-left elementor-mobile-position-top elementor-widget elementor-widget-icon-box\" data-id=\"21426dfe\" data-element_type=\"widget\" data-widget_type=\"icon-box.default\">\n\t\t\t\t\t\t\t<div class=\"elementor-icon-box-wrapper\">\n\n\t\t\t\t\t\t<div class=\"elementor-icon-box-icon\">\n\t\t\t\t<span  class=\"elementor-icon\">\n\t\t\t\t<i aria-hidden=\"true\" class=\"fas fa-map-marker-alt\"><\/i>\t\t\t\t<\/span>\n\t\t\t<\/div>\n\t\t\t\n\t\t\t\t\t\t<div class=\"elementor-icon-box-content\">\n\n\t\t\t\t\t\t\t\t\t<h3 class=\"elementor-icon-box-title\">\n\t\t\t\t\t\t<span  >\n\t\t\t\t\t\t\t\u0110\u1ecba Ch\u1ec9\t\t\t\t\t\t<\/span>\n\t\t\t\t\t<\/h3>\n\t\t\t\t\n\t\t\t\t\t\t\t\t\t<p class=\"elementor-icon-box-description\">\n\t\t\t\t\t\t\u3012660-0893 \u5175\u5eab\u770c\u5c3c\u5d0e\u5e02\u897f\u96e3\u6ce24-6-26\t\t\t\t\t<\/p>\n\t\t\t\t\n\t\t\t<\/div>\n\t\t\t\n\t\t<\/div>\n\t\t\t\t\t\t<\/div>\n\t\t<div class=\"elementor-element elementor-element-c39a7b9 e-con-full e-flex wpr-particle-no wpr-jarallax-no wpr-parallax-no wpr-sticky-section-no e-con e-child\" data-id=\"c39a7b9\" data-element_type=\"container\">\n\t\t\t\t<div class=\"elementor-element elementor-element-a3f4cba elementor-widget elementor-widget-google_maps\" data-id=\"a3f4cba\" data-element_type=\"widget\" data-widget_type=\"google_maps.default\">\n\t\t\t\t\t\t\t<div class=\"elementor-custom-embed\">\n\t\t\t<iframe loading=\"lazy\"\n\t\t\t\t\tsrc=\"https:\/\/maps.google.com\/maps?q=%E3%80%92660-0893%20%E5%85%B5%E5%BA%AB%E7%9C%8C%E5%B0%BC%E5%B4%8E%E5%B8%82%E8%A5%BF%E9%9B%A3%E6%B3%A2%E7%94%BA%EF%BC%94%E4%B8%81%E7%9B%AE%20%EF%BC%96%E7%95%AA26%E5%8F%B7%20%E5%85%B5%E5%BE%8C%29&#038;t=m&#038;z=12&#038;output=embed&#038;iwloc=near\"\n\t\t\t\t\ttitle=\"\u3012660-0893 \u5175\u5eab\u770c\u5c3c\u5d0e\u5e02\u897f\u96e3\u6ce2\u753a\uff14\u4e01\u76ee \uff16\u756a26\u53f7 \u5175\u5f8c)\"\n\t\t\t\t\taria-label=\"\u3012660-0893 \u5175\u5eab\u770c\u5c3c\u5d0e\u5e02\u897f\u96e3\u6ce2\u753a\uff14\u4e01\u76ee \uff16\u756a26\u53f7 \u5175\u5f8c)\"\n\t\t\t><\/iframe>\n\t\t<\/div>\n\t\t\t\t\t\t<\/div>\n\t\t\t\t<\/div>\n\t\t\t\t\t<\/div>\n\t\t\t\t<\/div>\n\t\t\t\t\t<\/div>\n\t\t\t\t<\/div>\n\t\t<div class=\"elementor-element elementor-element-9156183 e-flex e-con-boxed wpr-particle-no wpr-jarallax-no wpr-parallax-no wpr-sticky-section-no e-con e-parent\" data-id=\"9156183\" data-element_type=\"container\" data-settings=\"{&quot;background_background&quot;:&quot;classic&quot;}\">\n\t\t\t\t\t<div class=\"e-con-inner\">\n\t\t<div class=\"elementor-element elementor-element-7317f5f7 e-flex e-con-boxed wpr-particle-no wpr-jarallax-no wpr-parallax-no wpr-sticky-section-no elementor-invisible e-con e-child\" data-id=\"7317f5f7\" data-element_type=\"container\" data-settings=\"{&quot;animation&quot;:&quot;zoomIn&quot;}\">\n\t\t\t\t\t<div class=\"e-con-inner\">\n\t\t\t\t<div class=\"elementor-element elementor-element-57838d04 wpr-dual-heading-icon-top elementor-widget elementor-widget-wpr-dual-color-heading\" data-id=\"57838d04\" data-element_type=\"widget\" data-widget_type=\"wpr-dual-color-heading.default\">\n\t\t\t\t\t\t\t\t<div class=\"wpr-dual-heading-wrap\">\n\t\t\t\t<div class=\"wpr-dual-title-wrap\">\n\t\t\t\t\t<h2 class=\"wpr-dual-title\">\n\t\t\t\t\t\t\t\t\t\t\t<span class=\"first\">C\u00e2u H\u1ecfi <\/span>\n\t\t\t\t\t\t\t\t\t\t\n\t\t\t\t\t\t\t\t\t\t\t<span class=\"second\">Th\u01b0\u1eddng G\u1eb7p<\/span>\n\t\t\t\t\t\t\t\t\t\t<\/h2>\n\t\t\t\t<\/div>\n\t\t\t\t\n\t\t\t\t\n\t\t\t\t\n\t\t\t<\/div>\n\t\t\t\t\t\t<\/div>\n\t\t\t\t<div class=\"elementor-element elementor-element-358724e3 wpr-advanced-accordion-icon-no-box elementor-widget elementor-widget-wpr-advanced-accordion\" data-id=\"358724e3\" data-element_type=\"widget\" data-settings=\"{&quot;active_item&quot;:1}\" data-widget_type=\"wpr-advanced-accordion.default\">\n\t\t\t\t\t\n            <div class=\"wpr-advanced-accordion\" data-accordion-type=\"accordion\" data-active-index=\"1\" data-accordion-trigger=\"click\" data-interaction-speed=\"0.4\">\n\n\t\t\t\n                \n\t\t\t\t\t<div class=\"wpr-accordion-item-wrap\">\n\t\t\t\t\t\t<button class=\"wpr-acc-button\">\n\t\t\t\t\t\t\t<span class=\"wpr-acc-item-title\">\n\t\t\t\t\t\t\t\t\t\t\t\t<span class=\"wpr-title-icon\">\n\t\t\t\t\t\t\t\t\t<\/span>\n\t\t\t\n\t\t\t\t\t\t\t\t<span class=\"wpr-acc-title-text\">Gi\u1edd m\u1edf c\u1eeda c\u1ee7a m\u1ed7i d\u1ecbch v\u1ee5 l\u00e0 khi n\u00e0o?<\/span>\n\t\t\t\t\t\t\t<\/span>\n\t\t\t\t\t\t\t\t\t\t\t<span class=\"wpr-toggle-icon wpr-ti-close\"><i aria-hidden=\"true\" class=\"fas fa-sort-down\"><\/i><\/span>\n\t\t\t\t<span class=\"wpr-toggle-icon wpr-ti-open\"><i aria-hidden=\"true\" class=\"fas fa-sort-up\"><\/i><\/span>\n\t\t\t\t\t\t\t\t\t<\/button>\n\n\t\t\t\t\t\t<div class=\"wpr-acc-panel\">\n\t\t\t\t\t\t\t\t\t\t\t\t\t\t\t<div class=\"wpr-acc-panel-content\"><p>1. ZERO MART m\u1edf c\u1eeda h\u00e0ng ng\u00e0y t\u1eeb <strong>11:00\u301c21:00.<\/strong><\/p><p>2.ZERO Cafe&amp;Tr\u00e0\u00a0 <strong data-start=\"510\" data-end=\"525\">10:00\u301c20:00<\/strong><\/p><p>3.ZERO karaoke <strong data-start=\"535\" data-end=\"550\" data-is-only-node=\"\">11:00\u301c2:00 s\u00e1ng.<\/strong><\/p><\/div>\n\t\t\t\t\t\t\t\t\t\t\t\t\t<\/div>\n                    <\/div>\n\n                \n\t\t\t\t\t<div class=\"wpr-accordion-item-wrap\">\n\t\t\t\t\t\t<button class=\"wpr-acc-button\">\n\t\t\t\t\t\t\t<span class=\"wpr-acc-item-title\">\n\t\t\t\t\t\t\t\t\t\t\t\t<span class=\"wpr-title-icon\">\n\t\t\t\t\t\t\t\t\t<\/span>\n\t\t\t\n\t\t\t\t\t\t\t\t<span class=\"wpr-acc-title-text\">T\u00f4i c\u00f3 c\u1ea7n \u0111\u1eb7t ch\u1ed7 tr\u01b0\u1edbc khi \u0111\u1ebfn kh\u00f4ng?<\/span>\n\t\t\t\t\t\t\t<\/span>\n\t\t\t\t\t\t\t\t\t\t\t<span class=\"wpr-toggle-icon wpr-ti-close\"><i aria-hidden=\"true\" class=\"fas fa-sort-down\"><\/i><\/span>\n\t\t\t\t<span class=\"wpr-toggle-icon wpr-ti-open\"><i aria-hidden=\"true\" class=\"fas fa-sort-up\"><\/i><\/span>\n\t\t\t\t\t\t\t\t\t<\/button>\n\n\t\t\t\t\t\t<div class=\"wpr-acc-panel\">\n\t\t\t\t\t\t\t\t\t\t\t\t\t\t\t<div class=\"wpr-acc-panel-content\"><p>A. Qu\u00e1n c\u00e0 ph\u00ea &amp; tr\u00e0 ZERO v\u00e0 c\u1eeda h\u00e0ng ZERO MART m\u1edf c\u1eeda m\u00e0 kh\u00f4ng c\u1ea7n \u0111\u1eb7t ch\u1ed7 tr\u01b0\u1edbc.<\/p><p>B. Ph\u00f2ng karaoke ZERO c\u00f3 th\u1ec3 \u0111\u00e3 k\u00edn ch\u1ed7, v\u00ec v\u1eady ch\u00fang t\u00f4i khuy\u00ean b\u1ea1n n\u00ean \u0111\u1eb7t ch\u1ed7 tr\u01b0\u1edbc qua trang web ho\u1eb7c qua \u0111i\u1ec7n tho\u1ea1i.<\/p><\/div>\n\t\t\t\t\t\t\t\t\t\t\t\t\t<\/div>\n                    <\/div>\n\n                \n\t\t\t\t\t<div class=\"wpr-accordion-item-wrap\">\n\t\t\t\t\t\t<button class=\"wpr-acc-button\">\n\t\t\t\t\t\t\t<span class=\"wpr-acc-item-title\">\n\t\t\t\t\t\t\t\t\t\t\t\t<span class=\"wpr-title-icon\">\n\t\t\t\t\t\t\t\t\t<\/span>\n\t\t\t\n\t\t\t\t\t\t\t\t<span class=\"wpr-acc-title-text\">T\u00f4i c\u00f3 th\u1ec3 s\u1eed d\u1ee5ng n\u00f3 cho c\u00e1c nh\u00f3m ho\u1eb7c s\u1ef1 ki\u1ec7n kh\u00f4ng?<\/span>\n\t\t\t\t\t\t\t<\/span>\n\t\t\t\t\t\t\t\t\t\t\t<span class=\"wpr-toggle-icon wpr-ti-close\"><i aria-hidden=\"true\" class=\"fas fa-sort-down\"><\/i><\/span>\n\t\t\t\t<span class=\"wpr-toggle-icon wpr-ti-open\"><i aria-hidden=\"true\" class=\"fas fa-sort-up\"><\/i><\/span>\n\t\t\t\t\t\t\t\t\t<\/button>\n\n\t\t\t\t\t\t<div class=\"wpr-acc-panel\">\n\t\t\t\t\t\t\t\t\t\t\t\t\t\t\t<div class=\"wpr-acc-panel-content\"><p>V\u00e2ng, ch\u00fang t\u00f4i c\u00f3 th\u1ec3 ph\u1ee5c v\u1ee5 c\u00e1c nh\u00f3m, ti\u1ec7c sinh nh\u1eadt v\u00e0 c\u00e1c s\u1ef1 ki\u1ec7n nh\u1ecf, bao g\u1ed3m c\u1ea3 vi\u1ec7c cho thu\u00ea ph\u00f2ng karaoke v\u00e0 qu\u00e1n c\u00e0 ph\u00ea.<\/p><\/div>\n\t\t\t\t\t\t\t\t\t\t\t\t\t<\/div>\n                    <\/div>\n\n                            <\/div>\n        \t\t\t\t<\/div>\n\t\t\t\t\t<\/div>\n\t\t\t\t<\/div>\n\t\t\t\t\t<\/div>\n\t\t\t\t<\/div>\n\t\t\t\t<\/div>\n\t\t","protected":false},"excerpt":{"rendered":"<p>FORM LI\u00caN H\u1ec6 \u0110\u1ec3 li\u00ean h\u1ec7 v\u1edbi ch\u00fang t\u00f4i, vui l\u00f2ng nh\u1eadp c\u00e1c th\u00f4ng tin b\u00ean d\u01b0\u1edbi v\u00e0 nh\u1ea5n\u300c\u9001\u4fe1\u300d\u0111\u1ec3 g\u1eedi. Contact Form ZERO international \u304a\u540d\u524d\u30e1\u30fc\u30eb\u30a2\u30c9\u30ec\u30b9\u30e1\u30c3\u30bb\u30fc\u30b8\u9001\u4fe1 S\u1ed1 \u0111i\u1ec7n tho\u1ea1i 06-6482-6752 \u0110\u1ecba Ch\u1ec9 \u3012660-0893 \u5175\u5eab\u770c\u5c3c\u5d0e\u5e02\u897f\u96e3\u6ce24-6-26 C\u00e2u H\u1ecfi Th\u01b0\u1eddng G\u1eb7p Gi\u1edd m\u1edf c\u1eeda c\u1ee7a m\u1ed7i d\u1ecbch v\u1ee5 l\u00e0 khi n\u00e0o? 1. ZERO MART m\u1edf c\u1eeda h\u00e0ng ng\u00e0y t\u1eeb 11:00\u301c21:00. 2.ZERO Cafe&amp;Tr\u00e0\u00a0 10:00\u301c20:00 3.ZERO karaoke 11:00\u301c2:00 s\u00e1ng. T\u00f4i c\u00f3 c\u1ea7n \u0111\u1eb7t ch\u1ed7 tr\u01b0\u1edbc khi \u0111\u1ebfn kh\u00f4ng? A. Qu\u00e1n c\u00e0 ph\u00ea &amp; tr\u00e0 ZERO v\u00e0 c\u1eeda h\u00e0ng ZERO MART m\u1edf c\u1eeda m\u00e0 kh\u00f4ng c\u1ea7n \u0111\u1eb7t ch\u1ed7 tr\u01b0\u1edbc. B. Ph\u00f2ng karaoke ZERO c\u00f3 th\u1ec3 \u0111\u00e3 k\u00edn ch\u1ed7, v\u00ec v\u1eady ch\u00fang t\u00f4i khuy\u00ean b\u1ea1n n\u00ean \u0111\u1eb7t ch\u1ed7 tr\u01b0\u1edbc qua trang web ho\u1eb7c qua \u0111i\u1ec7n tho\u1ea1i. T\u00f4i c\u00f3 th\u1ec3 s\u1eed d\u1ee5ng n\u00f3 cho c\u00e1c nh\u00f3m ho\u1eb7c s\u1ef1 ki\u1ec7n kh\u00f4ng? V\u00e2ng, ch\u00fang t\u00f4i c\u00f3 th\u1ec3 ph\u1ee5c v\u1ee5 c\u00e1c nh\u00f3m, ti\u1ec7c sinh nh\u1eadt v\u00e0 c\u00e1c s\u1ef1 ki\u1ec7n nh\u1ecf, bao g\u1ed3m c\u1ea3 vi\u1ec7c cho thu\u00ea ph\u00f2ng karaoke v\u00e0 qu\u00e1n c\u00e0 ph\u00ea.<\/p>\n","protected":false},"author":1,"featured_media":0,"parent":0,"menu_order":0,"comment_status":"closed","ping_status":"closed","template":"elementor_canvas","meta":{"_eb_attr":"","footnotes":""},"class_list":["post-7177","page","type-page","status-publish","hentry"],"_links":{"self":[{"href":"https:\/\/zerointernational.co.jp\/index.php?rest_route=\/wp\/v2\/pages\/7177","targetHints":{"allow":["GET"]}}],"collection":[{"href":"https:\/\/zerointernational.co.jp\/index.php?rest_route=\/wp\/v2\/pages"}],"about":[{"href":"https:\/\/zerointernational.co.jp\/index.php?rest_route=\/wp\/v2\/types\/page"}],"author":[{"embeddable":true,"href":"https:\/\/zerointernational.co.jp\/index.php?rest_route=\/wp\/v2\/users\/1"}],"replies":[{"embeddable":true,"href":"https:\/\/zerointernational.co.jp\/index.php?rest_route=%2Fwp%2Fv2%2Fcomments&post=7177"}],"version-history":[{"count":16,"href":"https:\/\/zerointernational.co.jp\/index.php?rest_route=\/wp\/v2\/pages\/7177\/revisions"}],"predecessor-version":[{"id":10007,"href":"https:\/\/zerointernational.co.jp\/index.php?rest_route=\/wp\/v2\/pages\/7177\/revisions\/10007"}],"wp:attachment":[{"href":"https:\/\/zerointernational.co.jp\/index.php?rest_route=%2Fwp%2Fv2%2Fmedia&parent=7177"}],"curies":[{"name":"wp","href":"https:\/\/api.w.org\/{rel}","templated":true}]}}