{"id":7184,"date":"2025-10-08T11:05:31","date_gmt":"2025-10-08T02:05:31","guid":{"rendered":"https:\/\/zerointernational.co.jp\/?page_id=7184"},"modified":"2025-12-24T10:38:37","modified_gmt":"2025-12-24T01:38:37","slug":"ca-phe-va-tra","status":"publish","type":"page","link":"https:\/\/zerointernational.co.jp\/?page_id=7184&lang=vi","title":{"rendered":"C\u00e0 Ph\u00ea v\u00e0 Tr\u00e0"},"content":{"rendered":"\t\t<div data-elementor-type=\"wp-page\" data-elementor-id=\"7184\" class=\"elementor elementor-7184\">\n\t\t\t\t<div class=\"elementor-element elementor-element-58f9dc2 e-con-full e-flex wpr-jarallax-no wpr-parallax-no wpr-sticky-section-no e-con e-parent\" data-id=\"58f9dc2\" data-element_type=\"container\" data-settings=\"{&quot;background_background&quot;:&quot;classic&quot;}\">\n\t\t<div class=\"elementor-element elementor-element-53f7514 e-con-full e-flex wpr-particle-no wpr-jarallax-no wpr-parallax-no wpr-sticky-section-no e-con e-child\" data-id=\"53f7514\" data-element_type=\"container\">\n\t\t\t\t<div class=\"elementor-element elementor-element-981d7b2 elementor-widget elementor-widget-heading\" data-id=\"981d7b2\" data-element_type=\"widget\" data-widget_type=\"heading.default\">\n\t\t\t\t\t<h2 class=\"elementor-heading-title elementor-size-default\">ZERO Cafe &amp; Tea<\/h2>\t\t\t\t<\/div>\n\t\t\t\t<div class=\"elementor-element elementor-element-3e234be gwel-underline-links-no elementor-widget elementor-widget-text-editor\" data-id=\"3e234be\" data-element_type=\"widget\" data-settings=\"{&quot;link_text_add_underline&quot;:&quot;no&quot;}\" data-widget_type=\"text-editor.default\">\n\t\t\t\t\t\t\t\t\t<p>ZERO INTERNATIONAL s\u1eafp khai tr\u01b0\u01a1ng ZERO Caf\u00e9 &amp; Tea.<\/p><p>H\u00e3y th\u01b0\u1edfng th\u1ee9c c\u00e0 ph\u00ea pha th\u1ee7 c\u00f4ng th\u01a1m ngon v\u00e0 tr\u00e0 cao c\u1ea5p trong kh\u00f4ng gian th\u01b0 gi\u00e3n, tho\u1ea3i m\u00e1i.<\/p><p>H\u00e3y c\u00f9ng ch\u1edd \u0111\u00f3n s\u1ef1 ra \u0111\u1eddi c\u1ee7a \u0111\u1ecba \u0111i\u1ec3m th\u01b0 gi\u00e3n m\u1edbi n\u00e0y, n\u01a1i h\u01b0\u01a1ng v\u1ecb v\u00e0 phong c\u00e1ch s\u1ed1ng giao thoa.<\/p>\t\t\t\t\t\t\t\t<\/div>\n\t\t\t\t<\/div>\n\t\t<div class=\"elementor-element elementor-element-930e8a6 e-con-full e-flex wpr-particle-no wpr-jarallax-no wpr-parallax-no wpr-sticky-section-no e-con e-child\" data-id=\"930e8a6\" data-element_type=\"container\">\n\t\t\t\t<div class=\"elementor-element elementor-element-1cfca76 elementor-widget elementor-widget-image\" data-id=\"1cfca76\" data-element_type=\"widget\" data-widget_type=\"image.default\">\n\t\t\t\t\t\t\t\t\t\t\t\t\t\t\t<img fetchpriority=\"high\" decoding=\"async\" width=\"1024\" height=\"683\" src=\"https:\/\/zerointernational.co.jp\/wp-content\/uploads\/2025\/12\/pexels-enginakyurt-2347380-1024x683.jpg\" class=\"attachment-large size-large wp-image-8694\" alt=\"\" srcset=\"https:\/\/zerointernational.co.jp\/wp-content\/uploads\/2025\/12\/pexels-enginakyurt-2347380-1024x683.jpg 1024w, https:\/\/zerointernational.co.jp\/wp-content\/uploads\/2025\/12\/pexels-enginakyurt-2347380-300x200.jpg 300w, https:\/\/zerointernational.co.jp\/wp-content\/uploads\/2025\/12\/pexels-enginakyurt-2347380-768x512.jpg 768w, https:\/\/zerointernational.co.jp\/wp-content\/uploads\/2025\/12\/pexels-enginakyurt-2347380-1536x1024.jpg 1536w, https:\/\/zerointernational.co.jp\/wp-content\/uploads\/2025\/12\/pexels-enginakyurt-2347380-2048x1365.jpg 2048w\" sizes=\"(max-width: 1024px) 100vw, 1024px\" \/>\t\t\t\t\t\t\t\t\t\t\t\t\t\t\t<\/div>\n\t\t\t\t<\/div>\n\t\t\t\t<\/div>\n\t\t<div class=\"elementor-element elementor-element-d661e2a e-con-full e-flex wpr-particle-no wpr-jarallax-no wpr-parallax-no wpr-sticky-section-no e-con e-parent\" data-id=\"d661e2a\" data-element_type=\"container\" data-settings=\"{&quot;background_background&quot;:&quot;classic&quot;}\">\n\t\t<div class=\"elementor-element elementor-element-3b2891b e-con-full e-flex wpr-particle-no wpr-jarallax-no wpr-parallax-no wpr-sticky-section-no e-con e-child\" data-id=\"3b2891b\" data-element_type=\"container\">\n\t\t<div class=\"elementor-element elementor-element-62e19fc e-con-full e-flex wpr-particle-no wpr-jarallax-no wpr-parallax-no wpr-sticky-section-no e-con e-child\" data-id=\"62e19fc\" data-element_type=\"container\">\n\t\t<div class=\"elementor-element elementor-element-358656e e-con-full e-flex wpr-particle-no wpr-jarallax-no wpr-parallax-no wpr-sticky-section-no e-con e-child\" data-id=\"358656e\" data-element_type=\"container\">\n\t\t\t\t<div class=\"elementor-element elementor-element-0b56449 elementor-widget elementor-widget-heading\" data-id=\"0b56449\" data-element_type=\"widget\" data-widget_type=\"heading.default\">\n\t\t\t\t\t<h2 class=\"elementor-heading-title elementor-size-default\">COFFEE\n<\/h2>\t\t\t\t<\/div>\n\t\t\t\t<div class=\"elementor-element elementor-element-d7fab3c elementor-widget elementor-widget-image\" data-id=\"d7fab3c\" data-element_type=\"widget\" data-widget_type=\"image.default\">\n\t\t\t\t\t\t\t\t\t\t\t\t\t\t\t<img decoding=\"async\" width=\"824\" height=\"453\" src=\"https:\/\/zerointernational.co.jp\/wp-content\/uploads\/2025\/10\/\u30b9\u30af\u30ea\u30fc\u30f3\u30b7\u30e7\u30c3\u30c8-2025-10-23-170613.png\" class=\"attachment-large size-large wp-image-3855\" alt=\"\" srcset=\"https:\/\/zerointernational.co.jp\/wp-content\/uploads\/2025\/10\/\u30b9\u30af\u30ea\u30fc\u30f3\u30b7\u30e7\u30c3\u30c8-2025-10-23-170613.png 824w, https:\/\/zerointernational.co.jp\/wp-content\/uploads\/2025\/10\/\u30b9\u30af\u30ea\u30fc\u30f3\u30b7\u30e7\u30c3\u30c8-2025-10-23-170613-300x165.png 300w, https:\/\/zerointernational.co.jp\/wp-content\/uploads\/2025\/10\/\u30b9\u30af\u30ea\u30fc\u30f3\u30b7\u30e7\u30c3\u30c8-2025-10-23-170613-768x422.png 768w\" sizes=\"(max-width: 824px) 100vw, 824px\" \/>\t\t\t\t\t\t\t\t\t\t\t\t\t\t\t<\/div>\n\t\t\t\t<\/div>\n\t\t<div class=\"elementor-element elementor-element-a6f5633 e-con-full e-flex wpr-particle-no wpr-jarallax-no wpr-parallax-no wpr-sticky-section-no e-con e-child\" data-id=\"a6f5633\" data-element_type=\"container\">\n\t\t\t\t<div class=\"elementor-element elementor-element-3243e7e elementor-widget elementor-widget-heading\" data-id=\"3243e7e\" data-element_type=\"widget\" data-widget_type=\"heading.default\">\n\t\t\t\t\t<h2 class=\"elementor-heading-title elementor-size-default\">Tea<\/h2>\t\t\t\t<\/div>\n\t\t\t\t<div class=\"elementor-element elementor-element-1586401 elementor-widget elementor-widget-image\" data-id=\"1586401\" data-element_type=\"widget\" data-widget_type=\"image.default\">\n\t\t\t\t\t\t\t\t\t\t\t\t\t\t\t<img decoding=\"async\" width=\"825\" height=\"543\" src=\"https:\/\/zerointernational.co.jp\/wp-content\/uploads\/2025\/10\/\u30b9\u30af\u30ea\u30fc\u30f3\u30b7\u30e7\u30c3\u30c8-2025-10-23-170730.png\" class=\"attachment-large size-large wp-image-3856\" alt=\"\" srcset=\"https:\/\/zerointernational.co.jp\/wp-content\/uploads\/2025\/10\/\u30b9\u30af\u30ea\u30fc\u30f3\u30b7\u30e7\u30c3\u30c8-2025-10-23-170730.png 825w, https:\/\/zerointernational.co.jp\/wp-content\/uploads\/2025\/10\/\u30b9\u30af\u30ea\u30fc\u30f3\u30b7\u30e7\u30c3\u30c8-2025-10-23-170730-300x197.png 300w, https:\/\/zerointernational.co.jp\/wp-content\/uploads\/2025\/10\/\u30b9\u30af\u30ea\u30fc\u30f3\u30b7\u30e7\u30c3\u30c8-2025-10-23-170730-768x505.png 768w\" sizes=\"(max-width: 825px) 100vw, 825px\" \/>\t\t\t\t\t\t\t\t\t\t\t\t\t\t\t<\/div>\n\t\t\t\t<\/div>\n\t\t<div class=\"elementor-element elementor-element-7c0557d e-con-full e-flex wpr-particle-no wpr-jarallax-no wpr-parallax-no wpr-sticky-section-no e-con e-child\" data-id=\"7c0557d\" data-element_type=\"container\">\n\t\t\t\t<div class=\"elementor-element elementor-element-f17a6e1 elementor-widget elementor-widget-heading\" data-id=\"f17a6e1\" data-element_type=\"widget\" data-widget_type=\"heading.default\">\n\t\t\t\t\t<h2 class=\"elementor-heading-title elementor-size-default\">Food<\/h2>\t\t\t\t<\/div>\n\t\t\t\t<div class=\"elementor-element elementor-element-0df9213 elementor-widget elementor-widget-image\" data-id=\"0df9213\" data-element_type=\"widget\" data-widget_type=\"image.default\">\n\t\t\t\t\t\t\t\t\t\t\t\t\t\t\t<img loading=\"lazy\" decoding=\"async\" width=\"824\" height=\"424\" src=\"https:\/\/zerointernational.co.jp\/wp-content\/uploads\/2025\/10\/\u30b9\u30af\u30ea\u30fc\u30f3\u30b7\u30e7\u30c3\u30c8-2025-10-23-170822.png\" class=\"attachment-large size-large wp-image-3857\" alt=\"\" srcset=\"https:\/\/zerointernational.co.jp\/wp-content\/uploads\/2025\/10\/\u30b9\u30af\u30ea\u30fc\u30f3\u30b7\u30e7\u30c3\u30c8-2025-10-23-170822.png 824w, https:\/\/zerointernational.co.jp\/wp-content\/uploads\/2025\/10\/\u30b9\u30af\u30ea\u30fc\u30f3\u30b7\u30e7\u30c3\u30c8-2025-10-23-170822-300x154.png 300w, https:\/\/zerointernational.co.jp\/wp-content\/uploads\/2025\/10\/\u30b9\u30af\u30ea\u30fc\u30f3\u30b7\u30e7\u30c3\u30c8-2025-10-23-170822-768x395.png 768w\" sizes=\"(max-width: 824px) 100vw, 824px\" \/>\t\t\t\t\t\t\t\t\t\t\t\t\t\t\t<\/div>\n\t\t\t\t<\/div>\n\t\t\t\t<\/div>\n\t\t\t\t<\/div>\n\t\t\t\t<\/div>\n\t\t\t\t<\/div>\n\t\t","protected":false},"excerpt":{"rendered":"<p>ZERO Cafe &amp; Tea ZERO INTERNATIONAL s\u1eafp khai tr\u01b0\u01a1ng ZERO Caf\u00e9 &amp; Tea. H\u00e3y th\u01b0\u1edfng th\u1ee9c c\u00e0 ph\u00ea pha th\u1ee7 c\u00f4ng th\u01a1m ngon v\u00e0 tr\u00e0 cao c\u1ea5p trong kh\u00f4ng gian th\u01b0 gi\u00e3n, tho\u1ea3i m\u00e1i. H\u00e3y c\u00f9ng ch\u1edd \u0111\u00f3n s\u1ef1 ra \u0111\u1eddi c\u1ee7a \u0111\u1ecba \u0111i\u1ec3m th\u01b0 gi\u00e3n m\u1edbi n\u00e0y, n\u01a1i h\u01b0\u01a1ng v\u1ecb v\u00e0 phong c\u00e1ch s\u1ed1ng giao thoa. COFFEE Tea Food<\/p>\n","protected":false},"author":1,"featured_media":0,"parent":0,"menu_order":0,"comment_status":"closed","ping_status":"closed","template":"elementor_header_footer","meta":{"_eb_attr":"","footnotes":""},"class_list":["post-7184","page","type-page","status-publish","hentry"],"_links":{"self":[{"href":"https:\/\/zerointernational.co.jp\/index.php?rest_route=\/wp\/v2\/pages\/7184","targetHints":{"allow":["GET"]}}],"collection":[{"href":"https:\/\/zerointernational.co.jp\/index.php?rest_route=\/wp\/v2\/pages"}],"about":[{"href":"https:\/\/zerointernational.co.jp\/index.php?rest_route=\/wp\/v2\/types\/page"}],"author":[{"embeddable":true,"href":"https:\/\/zerointernational.co.jp\/index.php?rest_route=\/wp\/v2\/users\/1"}],"replies":[{"embeddable":true,"href":"https:\/\/zerointernational.co.jp\/index.php?rest_route=%2Fwp%2Fv2%2Fcomments&post=7184"}],"version-history":[{"count":34,"href":"https:\/\/zerointernational.co.jp\/index.php?rest_route=\/wp\/v2\/pages\/7184\/revisions"}],"predecessor-version":[{"id":9759,"href":"https:\/\/zerointernational.co.jp\/index.php?rest_route=\/wp\/v2\/pages\/7184\/revisions\/9759"}],"wp:attachment":[{"href":"https:\/\/zerointernational.co.jp\/index.php?rest_route=%2Fwp%2Fv2%2Fmedia&parent=7184"}],"curies":[{"name":"wp","href":"https:\/\/api.w.org\/{rel}","templated":true}]}}