{"id":7206,"date":"2025-11-20T15:41:14","date_gmt":"2025-11-20T06:41:14","guid":{"rendered":"https:\/\/zerointernational.co.jp\/?page_id=7206"},"modified":"2026-02-26T12:40:36","modified_gmt":"2026-02-26T03:40:36","slug":"tin-tuc","status":"publish","type":"page","link":"https:\/\/zerointernational.co.jp\/?page_id=7206&lang=vi","title":{"rendered":"Tin T\u1ee9c"},"content":{"rendered":"\t\t<div data-elementor-type=\"wp-page\" data-elementor-id=\"7206\" class=\"elementor elementor-7206\">\n\t\t\t\t\t\t<section class=\"elementor-section elementor-top-section elementor-element elementor-element-1115df480 elementor-section-boxed elementor-section-height-default elementor-section-height-default wpr-particle-no wpr-jarallax-no wpr-parallax-no wpr-sticky-section-no\" data-id=\"1115df480\" data-element_type=\"section\">\n\t\t\t\t\t\t<div class=\"elementor-container elementor-column-gap-default\">\n\t\t\t\t\t<div class=\"elementor-column elementor-col-100 elementor-top-column elementor-element elementor-element-69afa9bf\" data-id=\"69afa9bf\" data-element_type=\"column\">\n\t\t\t<div class=\"elementor-widget-wrap elementor-element-populated\">\n\t\t\t\t\t\t<div class=\"elementor-element elementor-element-6646b789 wpr-grid-columns-1 wpr-grid-columns--tablet1 wpr-grid-columns--laptop3 wpr-grid-columns--mobile1 wpr-grid-pagination-center wpr-item-styles-inner elementor-widget elementor-widget-wpr-grid\" data-id=\"6646b789\" data-element_type=\"widget\" data-widget_type=\"wpr-grid.default\">\n\t\t\t\t\t<ul class=\"wpr-grid-filters elementor-clearfix wpr-grid-filters-sep-right\"><li class=\" wpr-pointer-none wpr-pointer-line-fx wpr-pointer-fx-none\"><span  data-filter=\"*\" class=\"wpr-grid-filters-item wpr-active-filter \">All<\/span><em class=\"wpr-grid-filters-sep\"><\/em><\/li><li class=\" wpr-pointer-none wpr-pointer-line-fx wpr-pointer-fx-none\"><span   data-ajax-filter=[\"category\",\"news-en\"]  data-filter=\".category-news-en\">NEWS<\/span><em class=\"wpr-grid-filters-sep\"><\/em><\/li><li class=\" wpr-pointer-none wpr-pointer-line-fx wpr-pointer-fx-none\"><span   data-ajax-filter=[\"category\",\"tin-tuc\"]  data-filter=\".category-tin-tuc\">Tin T\u1ee9c<\/span><em class=\"wpr-grid-filters-sep\"><\/em><\/li><li class=\" wpr-pointer-none wpr-pointer-line-fx wpr-pointer-fx-none\"><span   data-ajax-filter=[\"category\",\"%e3%81%8a%e7%9f%a5%e3%82%89%e3%81%9b\"]  data-filter=\".category-\u304a\u77e5\u3089\u305b\">\u304a\u77e5\u3089\u305b<\/span><em class=\"wpr-grid-filters-sep\"><\/em><\/li><\/ul><section class=\"wpr-grid elementor-clearfix\" data-settings=\"{&quot;layout&quot;:&quot;list&quot;,&quot;stick_last_element_to_bottom&quot;:&quot;no&quot;,&quot;columns_desktop&quot;:1,&quot;gutter_hr&quot;:15,&quot;gutter_hr_mobile&quot;:15,&quot;gutter_hr_mobile_extra&quot;:15,&quot;gutter_hr_tablet&quot;:15,&quot;gutter_hr_tablet_extra&quot;:15,&quot;gutter_hr_laptop&quot;:15,&quot;gutter_hr_widescreen&quot;:15,&quot;gutter_vr&quot;:50,&quot;gutter_vr_mobile&quot;:50,&quot;gutter_vr_mobile_extra&quot;:50,&quot;gutter_vr_tablet&quot;:50,&quot;gutter_vr_tablet_extra&quot;:50,&quot;gutter_vr_laptop&quot;:50,&quot;gutter_vr_widescreen&quot;:50,&quot;animation&quot;:&quot;default&quot;,&quot;animation_duration&quot;:0.299999999999999988897769753748434595763683319091796875,&quot;animation_delay&quot;:0.1000000000000000055511151231257827021181583404541015625,&quot;deeplinking&quot;:&quot;&quot;,&quot;filters_linkable&quot;:&quot;no&quot;,&quot;filters_default_filter&quot;:&quot;&quot;,&quot;filters_count&quot;:&quot;&quot;,&quot;filters_hide_empty&quot;:&quot;yes&quot;,&quot;filters_animation&quot;:&quot;default&quot;,&quot;filters_animation_duration&quot;:0.299999999999999988897769753748434595763683319091796875,&quot;filters_animation_delay&quot;:0.1000000000000000055511151231257827021181583404541015625,&quot;pagination_type&quot;:&quot;numbered&quot;,&quot;pagination_max_pages&quot;:4,&quot;media_align&quot;:&quot;left&quot;,&quot;media_width&quot;:25,&quot;media_distance&quot;:20,&quot;lightbox&quot;:{&quot;selector&quot;:&quot;.wpr-grid-image-wrap&quot;,&quot;iframeMaxWidth&quot;:&quot;60%&quot;,&quot;hash&quot;:false,&quot;autoplay&quot;:&quot;true&quot;,&quot;pause&quot;:5000,&quot;progressBar&quot;:&quot;true&quot;,&quot;counter&quot;:&quot;true&quot;,&quot;controls&quot;:&quot;true&quot;,&quot;getCaptionFromTitleOrAlt&quot;:&quot;true&quot;,&quot;thumbnail&quot;:&quot;&quot;,&quot;showThumbByDefault&quot;:&quot;&quot;,&quot;share&quot;:&quot;&quot;,&quot;zoom&quot;:&quot;true&quot;,&quot;fullScreen&quot;:&quot;true&quot;,&quot;download&quot;:&quot;true&quot;}}\"><article class=\"wpr-grid-item elementor-clearfix post-10037 post type-post status-publish format-standard has-post-thumbnail hentry category-42\"><div class=\"wpr-grid-item-inner\"><div class=\"wpr-grid-media-wrap wpr-effect-size-medium \" data-overlay-link=\"yes\"><div class=\"wpr-grid-image-wrap\" data-src=\"https:\/\/zerointernational.co.jp\/wp-content\/uploads\/elementor\/thumbs\/3816798-rls80qvz4624fn7e8t6x2e75dd9uizgmkmcmplnzy0.jpg\" data-img-on-hover=\"\"  data-src-secondary=\"\"><img decoding=\"async\" data-no-lazy=\"1\" src=\"https:\/\/zerointernational.co.jp\/wp-content\/uploads\/elementor\/thumbs\/3816798-rls80qvz4624fn7e8t6x2e75dd9uizgmkmcmplnzy0.jpg\" alt=\"ZERO MART\u3092\u88c5\u3046\u8a50\u6b3a\u30b5\u30a4\u30c8\u3078\u306e\u6ce8\u610f\u3068\u304a\u9858\u3044\" class=\"wpr-anim-timing-ease-default\"><\/div><div class=\"wpr-grid-media-hover wpr-animation-wrap\"><div class=\"wpr-grid-media-hover-bg  wpr-overlay-fade-in wpr-anim-size-large wpr-anim-timing-ease-default wpr-anim-transparency\" data-url=\"https:\/\/zerointernational.co.jp\/?p=10037\"><\/div><\/div><\/div><div class=\"wpr-grid-item-below-content elementor-clearfix\"><div class=\"wpr-grid-item-category elementor-repeater-item-7a9afee wpr-grid-item-display-block wpr-grid-item-align-left wpr-pointer-none wpr-pointer-line-fx wpr-pointer-fx-fade wpr-grid-tax-style-1\"><div class=\"inner-block\"><a class=\" wpr-tax-id-42\" href=\"https:\/\/zerointernational.co.jp\/?cat=42\">\u304a\u77e5\u3089\u305b<\/a><\/div><\/div><h2 class=\"wpr-grid-item-title elementor-repeater-item-2d29edf wpr-grid-item-display-block wpr-grid-item-align-left wpr-pointer-none wpr-pointer-line-fx wpr-pointer-fx-fade\"><div class=\"inner-block\"><a target=\"_self\"  href=\"https:\/\/zerointernational.co.jp\/?p=10037\">ZERO MART\u3092\u88c5\u3046\u8a50\u6b3a\u30b5\u30a4\u30c8\u3078\u306e\u6ce8&hellip;<\/a><\/div><\/h2><div class=\"wpr-grid-item-date elementor-repeater-item-589fcd9 wpr-grid-item-display-block wpr-grid-item-align-left\"><div class=\"inner-block\"><span>2026\u5e744\u670810\u65e5<\/span><\/div><\/div><div class=\"wpr-grid-item-excerpt elementor-repeater-item-0025724 wpr-grid-item-display-block wpr-grid-item-align-left\"><div class=\"inner-block\"><p>\u304a\u5ba2\u69d8\u5404\u4f4d \u5e73\u7d20\u3088\u308aZERO MART\u3092\u3054\u611b\u9867\u3044\u305f\u3060\u304d\u3001\u8aa0\u306b\u3042\u308a\u304c\u3068\u3046\u3054\u3056\u3044\u307e\u3059\u3002 \u3053\u306e\u305f\u3073\u3001ZERO MART\u3092\u88c5\u3063\u305f\u507d\u306eFacebo...<\/p><\/div><\/div><div class=\"wpr-grid-item-read-more elementor-repeater-item-716d6c5 wpr-grid-item-display-block wpr-grid-item-align-left\"><div class=\"inner-block\"><a target=\"_self\" href=\"https:\/\/zerointernational.co.jp\/?p=10037\" class=\"wpr-button-effect wpr-button-none\"><span>Xem Th\u00eam<\/span><\/a><\/div><\/div><\/div><\/div><\/article><article class=\"wpr-grid-item elementor-clearfix post-9965 post type-post status-publish format-standard has-post-thumbnail hentry category-news-en\"><div class=\"wpr-grid-item-inner\"><div class=\"wpr-grid-media-wrap wpr-effect-size-medium \" data-overlay-link=\"yes\"><div class=\"wpr-grid-image-wrap\" data-src=\"https:\/\/zerointernational.co.jp\/wp-content\/uploads\/elementor\/thumbs\/\u30c0\u30a6\u30f3\u30ed\u30fc\u30c9-rho5rp0mumev5urcj7ndeff1krzi0w85xztlavh5tk.png\" data-img-on-hover=\"\"  data-src-secondary=\"\"><img decoding=\"async\" data-no-lazy=\"1\" src=\"https:\/\/zerointernational.co.jp\/wp-content\/uploads\/elementor\/thumbs\/\u30c0\u30a6\u30f3\u30ed\u30fc\u30c9-rho5rp0mumev5urcj7ndeff1krzi0w85xztlavh5tk.png\" alt=\"\ud83d\udd25 WEEKEND SALE \u2013 ZERO MART AMAGASAKI \ud83d\udd25 \ud83d\udcc5 This Saturday &#038; Sunday Only\" class=\"wpr-anim-timing-ease-default\"><\/div><div class=\"wpr-grid-media-hover wpr-animation-wrap\"><div class=\"wpr-grid-media-hover-bg  wpr-overlay-fade-in wpr-anim-size-large wpr-anim-timing-ease-default wpr-anim-transparency\" data-url=\"https:\/\/zerointernational.co.jp\/?p=9965&amp;lang=en\"><\/div><\/div><\/div><div class=\"wpr-grid-item-below-content elementor-clearfix\"><div class=\"wpr-grid-item-category elementor-repeater-item-7a9afee wpr-grid-item-display-block wpr-grid-item-align-left wpr-pointer-none wpr-pointer-line-fx wpr-pointer-fx-fade wpr-grid-tax-style-1\"><div class=\"inner-block\"><a class=\" wpr-tax-id-1\" href=\"https:\/\/zerointernational.co.jp\/?cat=1&#038;lang=en\">NEWS<\/a><\/div><\/div><h2 class=\"wpr-grid-item-title elementor-repeater-item-2d29edf wpr-grid-item-display-block wpr-grid-item-align-left wpr-pointer-none wpr-pointer-line-fx wpr-pointer-fx-fade\"><div class=\"inner-block\"><a target=\"_self\"  href=\"https:\/\/zerointernational.co.jp\/?p=9965&#038;lang=en\">\ud83d\udd25 WEEKEND SALE \u2013 ZER&hellip;<\/a><\/div><\/h2><div class=\"wpr-grid-item-date elementor-repeater-item-589fcd9 wpr-grid-item-display-block wpr-grid-item-align-left\"><div class=\"inner-block\"><span>2026\u5e744\u670810\u65e5<\/span><\/div><\/div><div class=\"wpr-grid-item-excerpt elementor-repeater-item-0025724 wpr-grid-item-display-block wpr-grid-item-align-left\"><div class=\"inner-block\"><p>\ud83d\udd25 WEEKEND SALE \u2013 ZERO MART AMAGASAKI \ud83d\udd25\ud83d\udcc5 Saturday &amp; Sunday | Janu...<\/p><\/div><\/div><div class=\"wpr-grid-item-read-more elementor-repeater-item-716d6c5 wpr-grid-item-display-block wpr-grid-item-align-left\"><div class=\"inner-block\"><a target=\"_self\" href=\"https:\/\/zerointernational.co.jp\/?p=9965&#038;lang=en\" class=\"wpr-button-effect wpr-button-none\"><span>Xem Th\u00eam<\/span><\/a><\/div><\/div><\/div><\/div><\/article><article class=\"wpr-grid-item elementor-clearfix post-9958 post type-post status-publish format-standard has-post-thumbnail hentry category-tin-tuc\"><div class=\"wpr-grid-item-inner\"><div class=\"wpr-grid-media-wrap wpr-effect-size-medium \" data-overlay-link=\"yes\"><div class=\"wpr-grid-image-wrap\" data-src=\"https:\/\/zerointernational.co.jp\/wp-content\/uploads\/elementor\/thumbs\/\u30c0\u30a6\u30f3\u30ed\u30fc\u30c9-rho5rp0mumev5urcj7ndeff1krzi0w85xztlavh5tk.png\" data-img-on-hover=\"\"  data-src-secondary=\"\"><img decoding=\"async\" data-no-lazy=\"1\" src=\"https:\/\/zerointernational.co.jp\/wp-content\/uploads\/elementor\/thumbs\/\u30c0\u30a6\u30f3\u30ed\u30fc\u30c9-rho5rp0mumev5urcj7ndeff1krzi0w85xztlavh5tk.png\" alt=\"\ud83d\udd25 SALE CU\u1ed0I TU\u1ea6N \u2013 ZERO MART AMAGASAKI \ud83d\udd25 \ud83d\udcc5 Th\u1ee9 7 &#038; Ch\u1ee7 Nh\u1eadt | Ng\u00e0y 17 &#038; 18 th\u00e1ng 1\" class=\"wpr-anim-timing-ease-default\"><\/div><div class=\"wpr-grid-media-hover wpr-animation-wrap\"><div class=\"wpr-grid-media-hover-bg  wpr-overlay-fade-in wpr-anim-size-large wpr-anim-timing-ease-default wpr-anim-transparency\" data-url=\"https:\/\/zerointernational.co.jp\/?p=9958&amp;lang=vi\"><\/div><\/div><\/div><div class=\"wpr-grid-item-below-content elementor-clearfix\"><div class=\"wpr-grid-item-category elementor-repeater-item-7a9afee wpr-grid-item-display-block wpr-grid-item-align-left wpr-pointer-none wpr-pointer-line-fx wpr-pointer-fx-fade wpr-grid-tax-style-1\"><div class=\"inner-block\"><a class=\" wpr-tax-id-36\" href=\"https:\/\/zerointernational.co.jp\/?cat=36&#038;lang=vi\">Tin T\u1ee9c<\/a><\/div><\/div><h2 class=\"wpr-grid-item-title elementor-repeater-item-2d29edf wpr-grid-item-display-block wpr-grid-item-align-left wpr-pointer-none wpr-pointer-line-fx wpr-pointer-fx-fade\"><div class=\"inner-block\"><a target=\"_self\"  href=\"https:\/\/zerointernational.co.jp\/?p=9958&#038;lang=vi\">\ud83d\udd25 SALE CU\u1ed0I TU\u1ea6N \u2013 Z&hellip;<\/a><\/div><\/h2><div class=\"wpr-grid-item-date elementor-repeater-item-589fcd9 wpr-grid-item-display-block wpr-grid-item-align-left\"><div class=\"inner-block\"><span>2026\u5e744\u670810\u65e5<\/span><\/div><\/div><div class=\"wpr-grid-item-excerpt elementor-repeater-item-0025724 wpr-grid-item-display-block wpr-grid-item-align-left\"><div class=\"inner-block\"><p>\ud83d\udd25 SALE CU\u1ed0I TU\u1ea6N \u2013 ZERO MART AMAGASAKI \ud83d\udd25\ud83d\udcc5 Th\u1ee9 7 &amp; Ch\u1ee7 Nh\u1eadt | Ng\u00e0...<\/p><\/div><\/div><div class=\"wpr-grid-item-read-more elementor-repeater-item-716d6c5 wpr-grid-item-display-block wpr-grid-item-align-left\"><div class=\"inner-block\"><a target=\"_self\" href=\"https:\/\/zerointernational.co.jp\/?p=9958&#038;lang=vi\" class=\"wpr-button-effect wpr-button-none\"><span>Xem Th\u00eam<\/span><\/a><\/div><\/div><\/div><\/div><\/article><\/section><div class=\"wpr-grid-pagination elementor-clearfix wpr-grid-pagination-numbered\"><div class=\"wpr-grid-pagi-left-arrows\"><span class=\"wpr-prev-page wpr-disabled-arrow\"><i class=\"fas fa-angle-double-left\"><\/i><span>Prev<\/span><\/span><\/div><span class=\"wpr-grid-current-page\">1<\/span><a href=\"https:\/\/zerointernational.co.jp\/index.php?rest_route=%2Fwp%2Fv2%2Fpages%2F7206&#038;paged=2\">2<\/a><a href=\"https:\/\/zerointernational.co.jp\/index.php?rest_route=%2Fwp%2Fv2%2Fpages%2F7206&#038;paged=3\">3<\/a><a href=\"https:\/\/zerointernational.co.jp\/index.php?rest_route=%2Fwp%2Fv2%2Fpages%2F7206&#038;paged=4\">4<\/a><div class=\"wpr-grid-pagi-right-arrows\"><a href=\"https:\/\/zerointernational.co.jp\/index.php?rest_route=%2Fwp%2Fv2%2Fpages%2F7206&#038;paged=2\" class=\"wpr-next-page\"><span>Next<\/span><i class=\"fas fa-angle-double-right\"><\/i><\/a><\/div><\/div>\t\t\t\t<\/div>\n\t\t\t\t\t<\/div>\n\t\t<\/div>\n\t\t\t\t\t<\/div>\n\t\t<\/section>\n\t\t<div class=\"elementor-element elementor-element-fe567ec e-flex e-con-boxed wpr-particle-no wpr-jarallax-no wpr-parallax-no wpr-sticky-section-no e-con e-parent\" data-id=\"fe567ec\" data-element_type=\"container\">\n\t\t\t\t\t<div class=\"e-con-inner\">\n\t\t\t\t<div class=\"elementor-element elementor-element-eb0e475 wpr-list-style-none elementor-widget elementor-widget-wpr-posts-timeline\" data-id=\"eb0e475\" data-element_type=\"widget\" data-settings=\"{&quot;swiper_speed&quot;:500}\" data-widget_type=\"wpr-posts-timeline.default\">\n\t\t\t\t\t<div class=\"wpr-timeline-outer-container\"><div class=\"wpr-wrapper swiper wpr-horizontal-bottom\" dir=\"\" data-slidestoshow = \"3\" data-autoplay=\"\" data-loop=\"\" data-swiper-speed=\"500\" data-swiper-delay=\"0\" data-swiper-poh=\"\" data-swiper-space-between=\"5\"><div class=\"swiper-wrapper wpr-horizontal-bottom-timeline\"><div class=\"swiper-slide swiper-slide-line-top no elementor-repeater-item-4112798\"><div class=\"wpr-extra-label\" ><span class=\"wpr-label\" >2022<\/span><span class=\"wpr-sub-label\" >ZERO Mart Open<\/span><\/div><div class=\"wpr-main-line-icon wpr-icon\"><i aria-hidden=\"true\" class=\"fab fa-apple\"><\/i><\/div><div class=\"wpr-story-info \"><div class=\"wpr-animation-wrap wpr-timeline-media\"><img fetchpriority=\"high\" decoding=\"async\" width=\"1200\" height=\"630\" src=\"https:\/\/zerointernational.co.jp\/wp-content\/uploads\/2025\/10\/403174446_307905725507466_2246077530851665404_n.jpg\" class=\"attachment-full size-full\" alt=\"\" srcset=\"https:\/\/zerointernational.co.jp\/wp-content\/uploads\/2025\/10\/403174446_307905725507466_2246077530851665404_n.jpg 1200w, https:\/\/zerointernational.co.jp\/wp-content\/uploads\/2025\/10\/403174446_307905725507466_2246077530851665404_n-300x158.jpg 300w, https:\/\/zerointernational.co.jp\/wp-content\/uploads\/2025\/10\/403174446_307905725507466_2246077530851665404_n-1024x538.jpg 1024w, https:\/\/zerointernational.co.jp\/wp-content\/uploads\/2025\/10\/403174446_307905725507466_2246077530851665404_n-768x403.jpg 768w\" sizes=\"(max-width: 1200px) 100vw, 1200px\" \/><\/div><div class=\"wpr-timeline-content-wrapper\"><p class=\"wpr-title-wrap\"><span  class=\"wpr-title\">ZeroMart Amagasaki<\/span><\/p><div class=\"wpr-description\"><p>M\u1edf c\u1eeda h\u00e0ng ng\u00e0y&nbsp;<\/p>\n<p>11:00\u3000\uff5e\u300021:00<\/p><\/div><\/div><\/div><\/div><div class=\"swiper-slide swiper-slide-line-top no elementor-repeater-item-5895ac0\"><div class=\"wpr-extra-label\" ><span class=\"wpr-label\" >2025<\/span><span class=\"wpr-sub-label\" >ZERO Caf\u00e9 &amp; Tea S\u1eafp Khai Tr\u01b0\u01a1ng<\/span><\/div><div class=\"wpr-main-line-icon wpr-icon\"><i aria-hidden=\"true\" class=\"far fa-flag\"><\/i><\/div><div class=\"wpr-story-info \"><div class=\"wpr-animation-wrap wpr-timeline-media\"><img decoding=\"async\" width=\"1080\" height=\"1080\" src=\"https:\/\/zerointernational.co.jp\/wp-content\/uploads\/2025\/10\/Black-Minimalist-Grand-Opening-Coffee-Shop-Instagram-Post-.png\" class=\"attachment-full size-full\" alt=\"\" srcset=\"https:\/\/zerointernational.co.jp\/wp-content\/uploads\/2025\/10\/Black-Minimalist-Grand-Opening-Coffee-Shop-Instagram-Post-.png 1080w, https:\/\/zerointernational.co.jp\/wp-content\/uploads\/2025\/10\/Black-Minimalist-Grand-Opening-Coffee-Shop-Instagram-Post--300x300.png 300w, https:\/\/zerointernational.co.jp\/wp-content\/uploads\/2025\/10\/Black-Minimalist-Grand-Opening-Coffee-Shop-Instagram-Post--1024x1024.png 1024w, https:\/\/zerointernational.co.jp\/wp-content\/uploads\/2025\/10\/Black-Minimalist-Grand-Opening-Coffee-Shop-Instagram-Post--150x150.png 150w, https:\/\/zerointernational.co.jp\/wp-content\/uploads\/2025\/10\/Black-Minimalist-Grand-Opening-Coffee-Shop-Instagram-Post--768x768.png 768w, https:\/\/zerointernational.co.jp\/wp-content\/uploads\/2025\/10\/Black-Minimalist-Grand-Opening-Coffee-Shop-Instagram-Post--700x700.png 700w, https:\/\/zerointernational.co.jp\/wp-content\/uploads\/2025\/10\/Black-Minimalist-Grand-Opening-Coffee-Shop-Instagram-Post--600x600.png 600w\" sizes=\"(max-width: 1080px) 100vw, 1080px\" \/><\/div><div class=\"wpr-timeline-content-wrapper\"><p class=\"wpr-title-wrap\"><span  class=\"wpr-title\">ZERO Caf\u00e9 &amp; Tea S\u1eafp Khai Tr\u01b0\u01a1ng<\/span><\/p><div class=\"wpr-description\"><p>ZERO Caf\u00e9 &amp; Tea - M\u1ed9t kh\u00f4ng gian m\u1edbi tr\u00e0n \u0111\u1ea7y n\u0103ng l\u01b0\u1ee3ng v\u00e0 s\u1ee9c tr\u1ebb!<\/p><p>S\u1eafp khai tr\u01b0\u01a1ng! Ch\u00fang t\u00f4i mang \u0111\u1ebfn \u00e2m nh\u1ea1c truy\u1ec1n c\u1ea3m h\u1ee9ng s\u00e1ng t\u1ea1o c\u00f9ng c\u00e0 ph\u00ea v\u00e0 tr\u00e0 th\u01a1m ngon.<\/p><p>Ch\u00e0o m\u1eebng \u0111\u1ebfn v\u1edbi n\u01a1i nh\u1eefng cu\u1ed9c g\u1eb7p g\u1ee1 m\u1edbi v\u00e0 ngu\u1ed3n c\u1ea3m h\u1ee9ng \u0111\u01b0\u1ee3c sinh ra.<\/p><p>ZERO Caf\u00e9 &amp; Tea kh\u00f4ng ch\u1ec9 l\u00e0 m\u1ed9t qu\u00e1n c\u00e0 ph\u00ea; \u0111\u00f3 l\u00e0 n\u01a1i kh\u1edfi \u0111\u1ea7u m\u1edbi c\u1ee7a b\u1ea1n.<\/p><p>\u2728 H\u00e3y ch\u1edd \u0111\u00f3n l\u1ec5 khai tr\u01b0\u01a1ng ho\u00e0nh tr\u00e1ng c\u1ee7a ch\u00fang t\u00f4i!<\/p><p>ZERO - B\u1eaft \u0111\u1ea7u t\u1eeb con s\u1ed1 kh\u00f4ng, d\u1eabn \u0111\u1ebfn ngu\u1ed3n c\u1ea3m h\u1ee9ng v\u00f4 t\u1eadn.<\/p><\/div><\/div><\/div><\/div><div class=\"swiper-slide swiper-slide-line-top no elementor-repeater-item-65eca5a\"><div class=\"wpr-extra-label\" ><span class=\"wpr-label\" >2026<\/span><span class=\"wpr-sub-label\" >ZERO karaoke s\u1eafp khai tr\u01b0\u01a1ng.<\/span><\/div><div class=\"wpr-main-line-icon wpr-icon\"><i aria-hidden=\"true\" class=\"far fa-paper-plane\"><\/i><\/div><div class=\"wpr-story-info \"><div class=\"wpr-animation-wrap wpr-timeline-media\"><img decoding=\"async\" width=\"1080\" height=\"1080\" src=\"https:\/\/zerointernational.co.jp\/wp-content\/uploads\/2025\/10\/Yellow-Elegant-Karaoke-Night-Party-Instagram-Post.png\" class=\"attachment-full size-full\" alt=\"\" srcset=\"https:\/\/zerointernational.co.jp\/wp-content\/uploads\/2025\/10\/Yellow-Elegant-Karaoke-Night-Party-Instagram-Post.png 1080w, https:\/\/zerointernational.co.jp\/wp-content\/uploads\/2025\/10\/Yellow-Elegant-Karaoke-Night-Party-Instagram-Post-300x300.png 300w, https:\/\/zerointernational.co.jp\/wp-content\/uploads\/2025\/10\/Yellow-Elegant-Karaoke-Night-Party-Instagram-Post-1024x1024.png 1024w, https:\/\/zerointernational.co.jp\/wp-content\/uploads\/2025\/10\/Yellow-Elegant-Karaoke-Night-Party-Instagram-Post-150x150.png 150w, https:\/\/zerointernational.co.jp\/wp-content\/uploads\/2025\/10\/Yellow-Elegant-Karaoke-Night-Party-Instagram-Post-768x768.png 768w, https:\/\/zerointernational.co.jp\/wp-content\/uploads\/2025\/10\/Yellow-Elegant-Karaoke-Night-Party-Instagram-Post-700x700.png 700w, https:\/\/zerointernational.co.jp\/wp-content\/uploads\/2025\/10\/Yellow-Elegant-Karaoke-Night-Party-Instagram-Post-600x600.png 600w\" sizes=\"(max-width: 1080px) 100vw, 1080px\" \/><\/div><div class=\"wpr-timeline-content-wrapper\"><p class=\"wpr-title-wrap\"><span  class=\"wpr-title\">ZERO karaoke s\u1eafp khai tr\u01b0\u01a1ng.<\/span><\/p><div class=\"wpr-description\"><p>ZERO Karaoke\u2014n\u01a1i \u00e2m nh\u1ea1c b\u00f9ng n\u1ed5 v\u00e0 n\u0103ng l\u01b0\u1ee3ng lan t\u1ecfa! \ud83d\udd25<br \/>L\u1ec5 khai tr\u01b0\u01a1ng s\u1eafp di\u1ec5n ra!<\/p><p>V\u1edbi h\u1ec7 th\u1ed1ng \u00e2m thanh hi\u1ec7n \u0111\u1ea1i v\u00e0 kh\u00f4ng gian sang tr\u1ecdng, ch\u00fang t\u00f4i mang \u0111\u1ebfn cho b\u1ea1n tr\u1ea3i nghi\u1ec7m karaoke ho\u00e0n to\u00e0n m\u1edbi.<\/p><p>B\u1ea1n c\u00f3 mu\u1ed1n th\u1ecfa s\u1ee9c ca h\u00e1t t\u1ea1i ZERO?<\/p><p>T\u1ea1i \u0111\u00e2y, m\u1ed7i giai \u0111i\u1ec7u s\u1ebd tr\u1edf th\u00e0nh kho\u1ea3nh kh\u1eafc t\u1ecfa s\u00e1ng c\u1ee7a b\u1ea1n! \ud83c\udf1f<\/p><p>\ud83c\udfa4 S\u1eb5n s\u00e0ng ch\u01b0a? ZERO Karaoke s\u1eafp khai tr\u01b0\u01a1ng!<\/p><p>ZERO\u2014n\u01a1i \u00e2m nh\u1ea1c b\u1eaft \u0111\u1ea7u v\u00e0 c\u1ea3m x\u00fac \u0111\u01b0\u1ee3c t\u1ef1 do.<\/p><\/div><\/div><\/div><\/div><\/div>\n\t\t\t<!-- Add Pagination -->        \n\t\t\t<div class=\"wpr-swiper-pagination\"><\/div>\n\t\t\t<!-- Add Arrows -->\n\t\t\t<div class=\"wpr-button-prev wpr-timeline-prev-arrow wpr-timeline-prev-eb0e475\">\n\t\t\t\t<i class=\"fas fa-angle-left\"><\/i>\n\t\t\t<\/div>\n\t\t\t<div class=\"wpr-button-next wpr-timeline-next-arrow wpr-timeline-next-eb0e475\">\n\t\t\t\t<i class=\"fas fa-angle-left\"><\/i>\n\t\t\t<\/div>\n\t\t<\/div><\/div>\t\t\t\t<\/div>\n\t\t\t\t\t<\/div>\n\t\t\t\t<\/div>\n\t\t\t\t<\/div>\n\t\t","protected":false},"excerpt":{"rendered":"<p>All Tin T\u1ee9c Tin T\u1ee9c \ud83d\udd25 SALE CU\u1ed0I TU\u1ea6N \u2013 ZERO MART AMAGASAKI \ud83d\udd25 \ud83d\udcc5 Th\u1ee9 7 &#038; Ch\u1ee7 Nh\u1eadt | Ng\u00e0y 17 &#038; 18&hellip; 2026\u5e741\u670815\u65e5 \ud83d\udd25 SALE CU\u1ed0I TU\u1ea6N \u2013 ZERO MART AMAGASAKI \ud83d\udd25\ud83d\udcc5 Th\u1ee9 7 &amp; Ch\u1ee7 Nh\u1eadt | Ng\u00e0y 17 &amp; 18 th\u00e1ng 1 C\u01a1 h\u1ed9i mua s\u1eafm ti\u1ebft ki\u1ec7m cho c\u1ea3 nh\u00e0! Zero Mart Amagasaki gi\u1ea3m gi\u00e1 nhi\u1ec1u m\u1eb7t h\u00e0ng quen thu\u1ed9c: \ud83e\udd6c S\u1ea3 t\u01b0\u01a1i: 299\u00a5 \u279d 249\u00a5\ud83e\uddc5 H\u00e0nh t\u00edm: 449\u00a5 \u279d 399\u00a5\ud83c\udf76 N\u01b0\u1edbc m\u1eafm \u0110\u1ec7 Nh\u1ecb: 519\u00a5 \u279d 459\u00a5\ud83c\udf5c B\u00fan Safoco: 179\u00a5 \u279d 159\u00a5\ud83c\udf4b Tr\u00e0 chanh C2: 119\u00a5 \u279d... Xem Th\u00eam Tin T\u1ee9c GI\u1ea2M GI\u00c1 TH\u1ee8 7 V\u00c0 CH\u1ee6 NH\u1eacT 2026\u5e741\u67088\u65e5 \ud83c\udf89 SALE CU\u1ed0I TU\u1ea6N \u2013 TH\u1ee8 7 &amp; CH\u1ee6 NH\u1eacT T\u1ea0I ZEROMART \ud83c\udf89Gi\u00e1 gi\u1ea3m c\u1ef1c \u0111\u00e3 \u2013 Mua s\u1eafm c\u1ef1c vui! \ud83d\udd25 \u01afu \u0111\u00e3i n\u1ed5i b\u1eadt:\ud83c\udf57 Kh\u00f4 g\u00e0 s\u1ee3i: 689\u00a5 \u2192 599\u00a5\ud83e\udd6d M\u00edt s\u1ea5y gi\u00f2n: 499\u00a5 \u2192 449\u00a5\ud83c\udf5c M\u00ec t\u00f4m H\u1ea3o H\u1ea3o: 89\u00a5 \u2192 69\u00a5\ud83e\udd63 N\u01b0\u1edbc m\u1eafm \u0103n li\u1ec1n Cholimex: 339\u00a5 \u2192 299\u00a5\ud83c\udf3d Ng\u00f4 ng\u1ecdt Trung Qu\u1ed1c: 159\u00a5 \u2192 119\u00a5\ud83c\udf72 G\u00f3i gia v\u1ecb l\u1ea9u Trung Qu\u1ed1c: 393\u00a5 \u2192... Xem Th\u00eam Tin T\u1ee9c C\u00e1c tr\u01b0\u01a1ng tr\u00ecnh khuy\u1ebfn m\u00e3i t\u1ea1i ZERO MART ! 2025\u5e7410\u670815\u65e5 Th\u00f4ng b\u00e1o ch\u01b0\u01a1ng tr\u00ecnh \u01b0u \u0111\u00e3i \u0111\u1ecbnh k\u1ef3 t\u1ea1i Zeromart Nh\u1eadn qu\u00e0 t\u1eb7ng ng\u1eabu nhi\u00ean v\u1edbi \u0111\u01a1n h\u00e0ng c\u00f3 gi\u00e1 tr\u1ecb tr\u00ean 1man y\u00ean. \u00a0 Zero mart tri\u1ec3n khai ch\u01b0<\/p>\n","protected":false},"author":1,"featured_media":0,"parent":0,"menu_order":0,"comment_status":"open","ping_status":"closed","template":"elementor_header_footer","meta":{"_eb_attr":"","footnotes":""},"class_list":["post-7206","page","type-page","status-publish","hentry"],"_links":{"self":[{"href":"https:\/\/zerointernational.co.jp\/index.php?rest_route=\/wp\/v2\/pages\/7206","targetHints":{"allow":["GET"]}}],"collection":[{"href":"https:\/\/zerointernational.co.jp\/index.php?rest_route=\/wp\/v2\/pages"}],"about":[{"href":"https:\/\/zerointernational.co.jp\/index.php?rest_route=\/wp\/v2\/types\/page"}],"author":[{"embeddable":true,"href":"https:\/\/zerointernational.co.jp\/index.php?rest_route=\/wp\/v2\/users\/1"}],"replies":[{"embeddable":true,"href":"https:\/\/zerointernational.co.jp\/index.php?rest_route=%2Fwp%2Fv2%2Fcomments&post=7206"}],"version-history":[{"count":22,"href":"https:\/\/zerointernational.co.jp\/index.php?rest_route=\/wp\/v2\/pages\/7206\/revisions"}],"predecessor-version":[{"id":10004,"href":"https:\/\/zerointernational.co.jp\/index.php?rest_route=\/wp\/v2\/pages\/7206\/revisions\/10004"}],"wp:attachment":[{"href":"https:\/\/zerointernational.co.jp\/index.php?rest_route=%2Fwp%2Fv2%2Fmedia&parent=7206"}],"curies":[{"name":"wp","href":"https:\/\/api.w.org\/{rel}","templated":true}]}}